{"id":6,"date":"2022-08-28T10:22:37","date_gmt":"2022-08-28T08:22:37","guid":{"rendered":"http:\/\/outilsmaths.fr\/?page_id=6"},"modified":"2022-12-11T18:00:05","modified_gmt":"2022-12-11T17:00:05","slug":"a-propos-de","status":"publish","type":"page","link":"https:\/\/outilsmaths.fr\/index.php\/a-propos-de\/","title":{"rendered":"Qui suis-je ?"},"content":{"rendered":"\n<div class=\"wp-block-media-text alignwide is-stacked-on-mobile is-vertically-aligned-top\" style=\"grid-template-columns:15% auto\"><figure class=\"wp-block-media-text__media\"><img loading=\"lazy\" decoding=\"async\" width=\"500\" height=\"500\" src=\"https:\/\/outilsmaths.fr\/wp-content\/uploads\/2022\/08\/Outils-Maths-1.jpg\" alt=\"\" class=\"wp-image-121 size-full\" srcset=\"https:\/\/outilsmaths.fr\/wp-content\/uploads\/2022\/08\/Outils-Maths-1.jpg 500w, https:\/\/outilsmaths.fr\/wp-content\/uploads\/2022\/08\/Outils-Maths-1-300x300.jpg 300w, https:\/\/outilsmaths.fr\/wp-content\/uploads\/2022\/08\/Outils-Maths-1-150x150.jpg 150w\" sizes=\"auto, (max-width: 500px) 100vw, 500px\" \/><\/figure><div class=\"wp-block-media-text__content\">\n<p class=\"has-text-align-left\">Je m&#8217;appelle Julien, j&#8217;ai 40 ans et je suis professeur de math\u00e9matiques. Apr\u00e8s des ann\u00e9es d&#8217;exp\u00e9riences en groupe classe dans le priv\u00e9 et dans le milieu associatif, j&#8217;ai voulu me rendre plus utile aupr\u00e8s des \u00e9l\u00e8ves et j&#8217;ai choisi de ne faire que de l&#8217;enseignement personnalis\u00e9. Je suis donc professeur \u00e0 domicile depuis 3 ans.<\/p>\n\n\n\n<p class=\"has-text-align-left\">Le soutien scolaire \u00e0 domicile change compl\u00e8tement la relation enfant\/enseignant. Je pense que le lien exclusif qui se noue avec chaque \u00e9l\u00e8ve est indispensable pour comprendre les notions importantes. Il ne s&#8217;agit pas d&#8217;apprendre mais bien de comprendre pour obtenir une ma\u00eetrise compl\u00e8te de ses connaissances.<\/p>\n\n\n\n<p class=\"has-text-align-left\">Je suis patient et \u00e0 l&#8217;\u00e9coute des \u00e9l\u00e8ves. Je m&#8217;efforce \u00e9galement de toujours trouver des solutions pour r\u00e9soudre  les probl\u00e8mes rencontr\u00e9s par l&#8217;enfant. En effet, je suis confront\u00e9 \u00e0 diff\u00e9rents dysfonctionnements d&#8217;apprentissage (dyslexie, dyscalculie, hyperactivit\u00e9, forme l\u00e9g\u00e8re d&#8217;autisme,&#8230;) et j&#8217;ai appris \u00e0 adapter mes m\u00e9thodes de travail pour aider les enfants dans toute leur singularit\u00e9 afin d&#8217;amener tout le monde vers la r\u00e9ussite.<\/p>\n\n\n\n<p class=\"has-text-align-left\">Je pense que l&#8217;\u00e9l\u00e8ve doit avoir confiance en son professeur particulier et doit comprendre que nous n&#8217;avons pas une relation verticale mais que nous faisons le chemin c\u00f4te \u00e0 c\u00f4te, d&#8217;humain \u00e0 humain.  Je choisis donc toujours des m\u00e9thodes douces et non-contraignantes pour le confort d&#8217;apprentissage de l&#8217;\u00e9l\u00e8ve. Sa motivation et son envie de progresser ne pourront \u00eatre qu&#8217;un plus pour l&#8217;am\u00e9lioration de ses r\u00e9sultats.<\/p>\n\n\n\n<p class=\"has-text-align-left\"> Je sais \u00e9galement que les familles ont souvent des emplois du temps bien charg\u00e9s, et si le mien n&#8217;est pas extensible \u00e0 l&#8217;infini, j&#8217;essaie toujours de trouver le meilleur compromis pour vous.<\/p>\n\n\n\n<p class=\"has-text-align-left\"> <\/p>\n\n\n\n<p><\/p>\n\n\n\n<p><\/p>\n<\/div><\/div>\n","protected":false},"excerpt":{"rendered":"<p>Je m&#8217;appelle Julien, j&#8217;ai 40 ans et je suis professeur de math\u00e9matiques. Apr\u00e8s des ann\u00e9es d&#8217;exp\u00e9riences en groupe classe dans le priv\u00e9 et dans le milieu associatif, j&#8217;ai voulu me rendre plus utile aupr\u00e8s des \u00e9l\u00e8ves et j&#8217;ai choisi de ne faire que de l&#8217;enseignement personnalis\u00e9. Je suis donc professeur \u00e0 domicile depuis 3 ans. [&hellip;]<\/p>\n","protected":false},"author":1,"featured_media":0,"parent":0,"menu_order":0,"comment_status":"closed","ping_status":"closed","template":"","meta":{"site-sidebar-layout":"default","site-content-layout":"","ast-site-content-layout":"default","site-content-style":"default","site-sidebar-style":"default","ast-global-header-display":"","ast-banner-title-visibility":"","ast-main-header-display":"","ast-hfb-above-header-display":"","ast-hfb-below-header-display":"","ast-hfb-mobile-header-display":"","site-post-title":"","ast-breadcrumbs-content":"","ast-featured-img":"","footer-sml-layout":"","theme-transparent-header-meta":"","adv-header-id-meta":"","stick-header-meta":"","header-above-stick-meta":"","header-main-stick-meta":"","header-below-stick-meta":"","astra-migrate-meta-layouts":"default","ast-page-background-enabled":"default","ast-page-background-meta":{"desktop":{"background-color":"var(--ast-global-color-4)","background-image":"","background-repeat":"repeat","background-position":"center center","background-size":"auto","background-attachment":"scroll","background-type":"","background-media":"","overlay-type":"","overlay-color":"","overlay-opacity":"","overlay-gradient":""},"tablet":{"background-color":"","background-image":"","background-repeat":"repeat","background-position":"center center","background-size":"auto","background-attachment":"scroll","background-type":"","background-media":"","overlay-type":"","overlay-color":"","overlay-opacity":"","overlay-gradient":""},"mobile":{"background-color":"","background-image":"","background-repeat":"repeat","background-position":"center center","background-size":"auto","background-attachment":"scroll","background-type":"","background-media":"","overlay-type":"","overlay-color":"","overlay-opacity":"","overlay-gradient":""}},"ast-content-background-meta":{"desktop":{"background-color":"var(--ast-global-color-5)","background-image":"","background-repeat":"repeat","background-position":"center center","background-size":"auto","background-attachment":"scroll","background-type":"","background-media":"","overlay-type":"","overlay-color":"","overlay-opacity":"","overlay-gradient":""},"tablet":{"background-color":"var(--ast-global-color-5)","background-image":"","background-repeat":"repeat","background-position":"center center","background-size":"auto","background-attachment":"scroll","background-type":"","background-media":"","overlay-type":"","overlay-color":"","overlay-opacity":"","overlay-gradient":""},"mobile":{"background-color":"var(--ast-global-color-5)","background-image":"","background-repeat":"repeat","background-position":"center center","background-size":"auto","background-attachment":"scroll","background-type":"","background-media":"","overlay-type":"","overlay-color":"","overlay-opacity":"","overlay-gradient":""}},"footnotes":""},"class_list":["post-6","page","type-page","status-publish","hentry"],"_links":{"self":[{"href":"https:\/\/outilsmaths.fr\/index.php\/wp-json\/wp\/v2\/pages\/6","targetHints":{"allow":["GET"]}}],"collection":[{"href":"https:\/\/outilsmaths.fr\/index.php\/wp-json\/wp\/v2\/pages"}],"about":[{"href":"https:\/\/outilsmaths.fr\/index.php\/wp-json\/wp\/v2\/types\/page"}],"author":[{"embeddable":true,"href":"https:\/\/outilsmaths.fr\/index.php\/wp-json\/wp\/v2\/users\/1"}],"replies":[{"embeddable":true,"href":"https:\/\/outilsmaths.fr\/index.php\/wp-json\/wp\/v2\/comments?post=6"}],"version-history":[{"count":11,"href":"https:\/\/outilsmaths.fr\/index.php\/wp-json\/wp\/v2\/pages\/6\/revisions"}],"predecessor-version":[{"id":234,"href":"https:\/\/outilsmaths.fr\/index.php\/wp-json\/wp\/v2\/pages\/6\/revisions\/234"}],"wp:attachment":[{"href":"https:\/\/outilsmaths.fr\/index.php\/wp-json\/wp\/v2\/media?parent=6"}],"curies":[{"name":"wp","href":"https:\/\/api.w.org\/{rel}","templated":true}]}}