{"id":2,"date":"2022-08-27T12:57:27","date_gmt":"2022-08-27T10:57:27","guid":{"rendered":"http:\/\/outilsmaths.fr\/?page_id=2"},"modified":"2025-10-06T09:07:54","modified_gmt":"2025-10-06T07:07:54","slug":"page-d-exemple","status":"publish","type":"page","link":"https:\/\/outilsmaths.fr\/","title":{"rendered":""},"content":{"rendered":"\n<figure class=\"wp-block-pullquote has-black-color has-text-color has-background has-medium-font-size\" style=\"border-radius:26px;background:linear-gradient(90deg,rgb(251,251,251) 0%,rgb(249,224,249) 100%);font-style:normal;font-weight:500\"><blockquote><p>Il n&#8217;y a pas de r\u00e9ussites faciles, ni d&#8217;\u00e9checs d\u00e9finitifs<\/p><cite>Marcel Proust<\/cite><\/blockquote><\/figure>\n\n\n\n<p><\/p>\n\n\n\n<h2 class=\"wp-block-heading has-text-align-center\"><strong>Cours de maths et soutien scolaire \u00e0 domicile <\/strong><\/h2>\n\n\n\n<h2 class=\"wp-block-heading has-text-align-center\"><em>(dans un rayon d&#8217;une quinzaine de km autour de Gatti\u00e8res<\/em>)<\/h2>\n\n\n\n<figure class=\"wp-block-image size-full is-resized\"><img loading=\"lazy\" decoding=\"async\" width=\"294\" height=\"268\" src=\"https:\/\/outilsmaths.fr\/wp-content\/uploads\/2022\/08\/blanc.jpg\" alt=\"\" class=\"wp-image-128\" style=\"width:86px;height:78px\"\/><\/figure>\n\n\n\n<p>Je m&#8217;appelle Julien et je propose des cours de math\u00e9matiques aux coll\u00e9giens et aux lyc\u00e9ens. Je donne aussi des cours pour les \u00e9tudiants ou les adultes qui pr\u00e9parent  des dipl\u00f4mes (DAEU par exemple). J\u2019accompagne \u00e9galement les \u00e9l\u00e8ves en \u00e9chec scolaire important et\/ou d\u00e9scolaris\u00e9s. <\/p>\n\n\n\n<p>L\u2019objectif est d\u2019accompagner, de soutenir l\u2019\u00e9l\u00e8ve, de s\u2019assurer de sa bonne compr\u00e9hension des cours et de son aptitude \u00e0 l\u2019appliquer en r\u00e9solvant des exercices. <\/p>\n\n\n\n<p>Je me d\u00e9place dans un rayon d\u2019une quinzaine de km autour de Gatti\u00e8res.<\/p>\n\n\n\n<p>Je suis habilit\u00e9 au dispositif \u00ab Cr\u00e9dit d\u2019imp\u00f4t \u2013 Avance imm\u00e9diate \u00bb pour que vous puissiez b\u00e9n\u00e9ficier des 50% du cr\u00e9dit d\u2019imp\u00f4t sur les tarifs imm\u00e9diatement.<\/p>\n\n\n\n<p><\/p>\n\n\n\n<div class=\"wp-block-media-text alignwide is-stacked-on-mobile\" style=\"grid-template-columns:17% auto\"><figure class=\"wp-block-media-text__media\"><img loading=\"lazy\" decoding=\"async\" width=\"512\" height=\"512\" src=\"https:\/\/outilsmaths.fr\/wp-content\/uploads\/2022\/08\/cropped-cropped-Outils-Maths.jpg\" alt=\"\" class=\"wp-image-28 size-full\" srcset=\"https:\/\/outilsmaths.fr\/wp-content\/uploads\/2022\/08\/cropped-cropped-Outils-Maths.jpg 512w, https:\/\/outilsmaths.fr\/wp-content\/uploads\/2022\/08\/cropped-cropped-Outils-Maths-300x300.jpg 300w, https:\/\/outilsmaths.fr\/wp-content\/uploads\/2022\/08\/cropped-cropped-Outils-Maths-150x150.jpg 150w, https:\/\/outilsmaths.fr\/wp-content\/uploads\/2022\/08\/cropped-cropped-Outils-Maths-270x270.jpg 270w, https:\/\/outilsmaths.fr\/wp-content\/uploads\/2022\/08\/cropped-cropped-Outils-Maths-192x192.jpg 192w, https:\/\/outilsmaths.fr\/wp-content\/uploads\/2022\/08\/cropped-cropped-Outils-Maths-180x180.jpg 180w, https:\/\/outilsmaths.fr\/wp-content\/uploads\/2022\/08\/cropped-cropped-Outils-Maths-32x32.jpg 32w\" sizes=\"auto, (max-width: 512px) 100vw, 512px\" \/><\/figure><div class=\"wp-block-media-text__content\">\n<p><strong>Contenus possibles : <\/strong><\/p>\n\n\n\n<ul class=\"wp-block-list\">\n<li><strong>Cours et soutien scolaire en math\u00e9matiques (autres mati\u00e8res sur demande)<\/strong>.<\/li>\n\n\n\n<li><strong>Cours et exercices sur les notions en cours d&#8217;apprentissage avec des supports personnalis\u00e9s.<\/strong><\/li>\n\n\n\n<li><strong>Exercices cibl\u00e9s, <strong>avant contr\u00f4les et\/ou examens<\/strong><\/strong>.<\/li>\n\n\n\n<li><strong>Contr\u00f4les types ou annales pour r\u00e9visions.<\/strong><\/li>\n\n\n\n<li><strong>D\u00e9couverte du programme de l&#8217;ann\u00e9e suivante (cours principalement demand\u00e9s \u00e0 la fin de l&#8217;ann\u00e9e scolaire) permettant \u00e0 l&#8217;\u00e9l\u00e8ve de gagner en s\u00e9r\u00e9nit\u00e9 et en confiance pour sa future confrontation avec ces notions.<\/strong><\/li>\n<\/ul>\n<\/div><\/div>\n\n\n\n<p><\/p>\n\n\n\n<p>La m\u00e9thode employ\u00e9e consiste \u00e0 reprendre les notions abord\u00e9es en cours par l\u2019\u00e9l\u00e8ve en effectuant une synth\u00e8se afin de s\u2019assurer de sa parfaite assimilation. En tant que professeur, je peux \u00eatre amen\u00e9 \u00e0 reprendre des th\u00e8mes abord\u00e9s lors de trimestres ou ann\u00e9es ant\u00e9rieures. De nombreux exercices d\u2019application sont propos\u00e9s.&nbsp;<strong>Une m<strong>\u00e9thodologie et des conseils d\u2019organisation sont transmis \u00e0 l\u2019\u00e9l\u00e8ve au fil des s\u00e9ances,&nbsp;<\/strong><\/strong>ce qui lui permet de gagner du temps et lui assurer une plus grande autonomie. Le but \u00e9tant \u00e9galement de lui redonner&nbsp;<strong>de la m<strong>otivation et de la confiance. <\/strong><\/strong><\/p>\n\n\n\n<div class=\"wp-block-media-text alignwide is-stacked-on-mobile\" style=\"grid-template-columns:26% auto\"><figure class=\"wp-block-media-text__media\"><img loading=\"lazy\" decoding=\"async\" width=\"391\" height=\"330\" src=\"https:\/\/outilsmaths.fr\/wp-content\/uploads\/2022\/10\/Logo-pour-site-web-Traceur_SAP_web_rvb_jpg.jpg\" alt=\"\" class=\"wp-image-192 size-full\" srcset=\"https:\/\/outilsmaths.fr\/wp-content\/uploads\/2022\/10\/Logo-pour-site-web-Traceur_SAP_web_rvb_jpg.jpg 391w, https:\/\/outilsmaths.fr\/wp-content\/uploads\/2022\/10\/Logo-pour-site-web-Traceur_SAP_web_rvb_jpg-300x253.jpg 300w\" sizes=\"auto, (max-width: 391px) 100vw, 391px\" \/><\/figure><div class=\"wp-block-media-text__content\">\n<p>Cours \u00e0 domicile \u00e9ligibles au dispositif &#8220;Cr\u00e9dit d&#8217;imp\u00f4t &#8211; Avance imm\u00e9diate&#8221; <\/p>\n\n\n\n<p>Plus d&#8217;infos sur la<a href=\"https:\/\/outilsmaths.fr\/index.php\/blog\/dispositif-50-credit-dimpots-avance-immediate\/\" data-type=\"page\" data-id=\"197\"> page d\u00e9di\u00e9e &#8220;Cr\u00e9dit d&#8217;imp\u00f4t &#8211; Avance imm\u00e9diate&#8221;<\/a> <\/p>\n<\/div><\/div>\n\n\n\n<figure class=\"wp-block-image aligncenter size-large is-resized\"><img loading=\"lazy\" decoding=\"async\" width=\"1024\" height=\"289\" src=\"https:\/\/outilsmaths.fr\/wp-content\/uploads\/2022\/08\/Outils-Maths-banniere-1024x289.jpg\" alt=\"\" class=\"wp-image-31\" style=\"width:790px;height:223px\" srcset=\"https:\/\/outilsmaths.fr\/wp-content\/uploads\/2022\/08\/Outils-Maths-banniere-1024x289.jpg 1024w, https:\/\/outilsmaths.fr\/wp-content\/uploads\/2022\/08\/Outils-Maths-banniere-300x85.jpg 300w, https:\/\/outilsmaths.fr\/wp-content\/uploads\/2022\/08\/Outils-Maths-banniere-768x217.jpg 768w, https:\/\/outilsmaths.fr\/wp-content\/uploads\/2022\/08\/Outils-Maths-banniere-1536x433.jpg 1536w, https:\/\/outilsmaths.fr\/wp-content\/uploads\/2022\/08\/Outils-Maths-banniere.jpg 2031w\" sizes=\"auto, (max-width: 1024px) 100vw, 1024px\" \/><\/figure>\n\n\n\n<figure class=\"wp-block-image aligncenter size-full is-resized\"><img loading=\"lazy\" decoding=\"async\" width=\"300\" height=\"300\" src=\"https:\/\/outilsmaths.fr\/wp-content\/uploads\/2022\/09\/outilsmaths_Standard.png\" alt=\"\" class=\"wp-image-163\" style=\"width:163px;height:163px\" srcset=\"https:\/\/outilsmaths.fr\/wp-content\/uploads\/2022\/09\/outilsmaths_Standard.png 300w, https:\/\/outilsmaths.fr\/wp-content\/uploads\/2022\/09\/outilsmaths_Standard-150x150.png 150w\" sizes=\"auto, (max-width: 300px) 100vw, 300px\" \/><figcaption class=\"wp-element-caption\">Scannez et ajoutez-moi \u00e0 vos contacts<\/figcaption><\/figure>\n\n\n\n<figure class=\"wp-block-image size-full is-resized\"><img loading=\"lazy\" decoding=\"async\" width=\"294\" height=\"268\" src=\"https:\/\/outilsmaths.fr\/wp-content\/uploads\/2022\/08\/blanc.jpg\" alt=\"\" class=\"wp-image-128\" style=\"width:22px;height:20px\"\/><\/figure>\n\n\n\n<h2 class=\"wp-block-heading has-text-align-center\">OUTILS MATHS<\/h2>\n\n\n\n<h3 class=\"wp-block-heading has-text-align-center\"><strong>Julien Rouxel<\/strong>, professeur de math\u00e9matiques.<\/h3>\n\n\n\n<div class=\"inherit-container-width wp-block-group is-layout-constrained wp-block-group-is-layout-constrained\">\n<p class=\"has-text-align-center\">N\u00b0 SIRET : 918 801 028 00013<\/p>\n\n\n\n<p class=\"has-text-align-center\">www.outilsmaths.fr<\/p>\n\n\n\n<p class=\"has-text-align-center\">06 86 16 92 66<\/p>\n<\/div>\n","protected":false},"excerpt":{"rendered":"<p>Il n&#8217;y a pas de r\u00e9ussites faciles, ni d&#8217;\u00e9checs d\u00e9finitifs Marcel Proust Cours de maths et soutien scolaire \u00e0 domicile (dans un rayon d&#8217;une quinzaine de km autour de Gatti\u00e8res) Je m&#8217;appelle Julien et je propose des cours de math\u00e9matiques aux coll\u00e9giens et aux lyc\u00e9ens. Je donne aussi des cours pour les \u00e9tudiants ou les [&hellip;]<\/p>\n","protected":false},"author":1,"featured_media":0,"parent":0,"menu_order":0,"comment_status":"closed","ping_status":"open","template":"","meta":{"site-sidebar-layout":"default","site-content-layout":"","ast-site-content-layout":"default","site-content-style":"default","site-sidebar-style":"default","ast-global-header-display":"","ast-banner-title-visibility":"","ast-main-header-display":"","ast-hfb-above-header-display":"","ast-hfb-below-header-display":"","ast-hfb-mobile-header-display":"","site-post-title":"","ast-breadcrumbs-content":"","ast-featured-img":"","footer-sml-layout":"","theme-transparent-header-meta":"","adv-header-id-meta":"","stick-header-meta":"","header-above-stick-meta":"","header-main-stick-meta":"","header-below-stick-meta":"","astra-migrate-meta-layouts":"set","ast-page-background-enabled":"default","ast-page-background-meta":{"desktop":{"background-color":"var(--ast-global-color-4)","background-image":"","background-repeat":"repeat","background-position":"center center","background-size":"auto","background-attachment":"scroll","background-type":"","background-media":"","overlay-type":"","overlay-color":"","overlay-opacity":"","overlay-gradient":""},"tablet":{"background-color":"","background-image":"","background-repeat":"repeat","background-position":"center center","background-size":"auto","background-attachment":"scroll","background-type":"","background-media":"","overlay-type":"","overlay-color":"","overlay-opacity":"","overlay-gradient":""},"mobile":{"background-color":"","background-image":"","background-repeat":"repeat","background-position":"center center","background-size":"auto","background-attachment":"scroll","background-type":"","background-media":"","overlay-type":"","overlay-color":"","overlay-opacity":"","overlay-gradient":""}},"ast-content-background-meta":{"desktop":{"background-color":"var(--ast-global-color-5)","background-image":"","background-repeat":"repeat","background-position":"center center","background-size":"auto","background-attachment":"scroll","background-type":"","background-media":"","overlay-type":"","overlay-color":"","overlay-opacity":"","overlay-gradient":""},"tablet":{"background-color":"var(--ast-global-color-5)","background-image":"","background-repeat":"repeat","background-position":"center center","background-size":"auto","background-attachment":"scroll","background-type":"","background-media":"","overlay-type":"","overlay-color":"","overlay-opacity":"","overlay-gradient":""},"mobile":{"background-color":"var(--ast-global-color-5)","background-image":"","background-repeat":"repeat","background-position":"center center","background-size":"auto","background-attachment":"scroll","background-type":"","background-media":"","overlay-type":"","overlay-color":"","overlay-opacity":"","overlay-gradient":""}},"footnotes":""},"class_list":["post-2","page","type-page","status-publish","hentry"],"_links":{"self":[{"href":"https:\/\/outilsmaths.fr\/index.php\/wp-json\/wp\/v2\/pages\/2","targetHints":{"allow":["GET"]}}],"collection":[{"href":"https:\/\/outilsmaths.fr\/index.php\/wp-json\/wp\/v2\/pages"}],"about":[{"href":"https:\/\/outilsmaths.fr\/index.php\/wp-json\/wp\/v2\/types\/page"}],"author":[{"embeddable":true,"href":"https:\/\/outilsmaths.fr\/index.php\/wp-json\/wp\/v2\/users\/1"}],"replies":[{"embeddable":true,"href":"https:\/\/outilsmaths.fr\/index.php\/wp-json\/wp\/v2\/comments?post=2"}],"version-history":[{"count":28,"href":"https:\/\/outilsmaths.fr\/index.php\/wp-json\/wp\/v2\/pages\/2\/revisions"}],"predecessor-version":[{"id":274,"href":"https:\/\/outilsmaths.fr\/index.php\/wp-json\/wp\/v2\/pages\/2\/revisions\/274"}],"wp:attachment":[{"href":"https:\/\/outilsmaths.fr\/index.php\/wp-json\/wp\/v2\/media?parent=2"}],"curies":[{"name":"wp","href":"https:\/\/api.w.org\/{rel}","templated":true}]}}