{"id":197,"date":"2022-10-19T13:32:10","date_gmt":"2022-10-19T11:32:10","guid":{"rendered":"https:\/\/outilsmaths.fr\/?page_id=197"},"modified":"2022-11-13T23:18:45","modified_gmt":"2022-11-13T22:18:45","slug":"dispositif-50-credit-dimpots-avance-immediate","status":"publish","type":"page","link":"https:\/\/outilsmaths.fr\/index.php\/blog\/dispositif-50-credit-dimpots-avance-immediate\/","title":{"rendered":"Dispositif &#8220;Cr\u00e9dit d&#8217;imp\u00f4t &#8211; Avance imm\u00e9diate&#8221;"},"content":{"rendered":"\n<figure class=\"wp-block-image aligncenter size-large\"><img loading=\"lazy\" decoding=\"async\" width=\"1024\" height=\"207\" src=\"https:\/\/outilsmaths.fr\/wp-content\/uploads\/2022\/10\/3Logospublics-1024x207.jpg\" alt=\"\" class=\"wp-image-203\" srcset=\"https:\/\/outilsmaths.fr\/wp-content\/uploads\/2022\/10\/3Logospublics-1024x207.jpg 1024w, https:\/\/outilsmaths.fr\/wp-content\/uploads\/2022\/10\/3Logospublics-300x61.jpg 300w, https:\/\/outilsmaths.fr\/wp-content\/uploads\/2022\/10\/3Logospublics-768x155.jpg 768w, https:\/\/outilsmaths.fr\/wp-content\/uploads\/2022\/10\/3Logospublics-1536x310.jpg 1536w, https:\/\/outilsmaths.fr\/wp-content\/uploads\/2022\/10\/3Logospublics.jpg 1933w\" sizes=\"auto, (max-width: 1024px) 100vw, 1024px\" \/><\/figure>\n\n\n\n<h2 class=\"wp-block-heading\">L&#8217;Avance imm\u00e9diate, qu&#8217;est-ce-que c&#8217;est ?<\/h2>\n\n\n\n<p><\/p>\n\n\n\n<p>L&#8217;avance imm\u00e9diate est un service <strong>optionnel et gratuit <\/strong>qui permet la d\u00e9duction imm\u00e9diate de votre cr\u00e9dit d\u2019imp\u00f4t de 50 % (<a rel=\"noreferrer noopener\" href=\"https:\/\/www.impots.gouv.fr\/portail\/particulier\/emploi-domicile\" data-type=\"URL\" data-id=\"https:\/\/www.impots.gouv.fr\/portail\/particulier\/emploi-domicile\" target=\"_blank\">information sur les plafonds de cr\u00e9dits d&#8217;imp\u00f4t<\/a>) lors du paiement de votre facture \u00e0 Outils Maths. Concr\u00e8tement, pour une d\u00e9pense de 200\u20ac de service \u00e0 la personne, l\u2019URSSAF ne pr\u00e9l\u00e8vera que 100 \u20ac correspondants au reste \u00e0 charge. <\/p>\n\n\n\n<h2 class=\"wp-block-heading\">Chez Outils Maths, on s&#8217;occupe de tout !<\/h2>\n\n\n\n<p><\/p>\n\n\n\n<p>Outils Maths propose ce service et si vous souhaitez en b\u00e9n\u00e9ficier, je proc\u00e8derai \u00e0 votre inscription gr\u00e2ce \u00e0 la fiche de renseignements compl\u00e9t\u00e9e. L\u2019administration fiscale v\u00e9rifiera ensuite votre num\u00e9ro fiscal et s\u2019assurera que vous avez d\u00e9j\u00e0 r\u00e9alis\u00e9 au moins une d\u00e9claration de revenus.<\/p>\n\n\n\n<p>Si ces deux conditions sont remplies, vous recevrez un mail d\u00e8s votre inscription, vous invitant \u00e0 activer votre compte en ligne sur www.particulier.urssaf.fr en cr\u00e9ant votre mot de passe.<\/p>\n\n\n\n<p>Ainsi, vous pourrez b\u00e9n\u00e9ficier de l\u2019Avance imm\u00e9diate pour les demandes de paiements \u00e9mises par Outils Maths \u00e0 compter de l\u2019activation de votre compte en ligne.<\/p>\n\n\n\n<h2 class=\"wp-block-heading\">Comment \u00e7a marche ?<\/h2>\n\n\n\n<p><\/p>\n\n\n\n<p>A la fin de chaque mois ou apr\u00e8s le dernier cours du mois, l&#8217;URSSAF vous envoie une notification par mail pour vous informer qu\u2019<strong>une demande de paiement est disponible sur votre compte particulier URSAAF en ligne.<\/strong><\/p>\n\n\n\n<p>En vous connectant sur votre compte, vous pourrez consulter la facture d\u00e9taillant la demande de paiement.<\/p>\n\n\n\n<p>Le montant de votre reste \u00e0 payer sera \u00e9gal au montant de la prestation, duquel est d\u00e9duit le montant de votre cr\u00e9dit d\u2019imp\u00f4t (reste \u00e0 payer = montant de la prestation \u2013 cr\u00e9dit d\u2019imp\u00f4t de 50%).<\/p>\n\n\n\n<p><br><strong>Vous disposez alors de 48\u00a0heures pour valider cette demande de paiement.<\/strong><\/p>\n\n\n\n<p>Si vous \u00eates en d\u00e9saccord avec la facturation transmise, vous pouvez contester cette demande de paiement. Vous devrez alors pr\u00e9ciser le motif de la contestation et traiter directement avec Outils Maths. Le pr\u00e9l\u00e8vement de votre reste \u00e0 payer sera bloqu\u00e9 dans l&#8217;attente d&#8217;une r\u00e9solution ou, \u00e0 d\u00e9faut, sera prise en compte dans le cadre du cr\u00e9dit d&#8217;imp\u00f4t classique (avec attestation fiscale).<\/p>\n\n\n\n<p>Une fois le d\u00e9lai de 48&nbsp;heures pass\u00e9 et sans action de votre part, la demande sera automatiquement valid\u00e9e.<\/p>\n\n\n\n<p><\/p>\n\n\n\n<figure class=\"wp-block-image aligncenter size-large is-resized\"><img loading=\"lazy\" decoding=\"async\" src=\"https:\/\/outilsmaths.fr\/wp-content\/uploads\/2022\/10\/Avance-immediate-Infographie-prestataire-1024x537.png\" alt=\"\" class=\"wp-image-212\" width=\"1181\" height=\"619\" srcset=\"https:\/\/outilsmaths.fr\/wp-content\/uploads\/2022\/10\/Avance-immediate-Infographie-prestataire-1024x537.png 1024w, https:\/\/outilsmaths.fr\/wp-content\/uploads\/2022\/10\/Avance-immediate-Infographie-prestataire-300x157.png 300w, https:\/\/outilsmaths.fr\/wp-content\/uploads\/2022\/10\/Avance-immediate-Infographie-prestataire-768x403.png 768w, https:\/\/outilsmaths.fr\/wp-content\/uploads\/2022\/10\/Avance-immediate-Infographie-prestataire-1536x806.png 1536w, https:\/\/outilsmaths.fr\/wp-content\/uploads\/2022\/10\/Avance-immediate-Infographie-prestataire-2048x1075.png 2048w\" sizes=\"auto, (max-width: 1181px) 100vw, 1181px\" \/><\/figure>\n\n\n\n<p><\/p>\n\n\n\n<p><strong>En cas de questions, Outils Maths reste votre interlocuteur. <\/strong><\/p>\n","protected":false},"excerpt":{"rendered":"<p>L&#8217;Avance imm\u00e9diate, qu&#8217;est-ce-que c&#8217;est ? L&#8217;avance imm\u00e9diate est un service optionnel et gratuit qui permet la d\u00e9duction imm\u00e9diate de votre cr\u00e9dit d\u2019imp\u00f4t de 50 % (information sur les plafonds de cr\u00e9dits d&#8217;imp\u00f4t) lors du paiement de votre facture \u00e0 Outils Maths. Concr\u00e8tement, pour une d\u00e9pense de 200\u20ac de service \u00e0 la personne, l\u2019URSSAF ne pr\u00e9l\u00e8vera [&hellip;]<\/p>\n","protected":false},"author":1,"featured_media":0,"parent":8,"menu_order":0,"comment_status":"closed","ping_status":"closed","template":"","meta":{"site-sidebar-layout":"default","site-content-layout":"","ast-site-content-layout":"default","site-content-style":"default","site-sidebar-style":"default","ast-global-header-display":"","ast-banner-title-visibility":"","ast-main-header-display":"","ast-hfb-above-header-display":"","ast-hfb-below-header-display":"","ast-hfb-mobile-header-display":"","site-post-title":"","ast-breadcrumbs-content":"","ast-featured-img":"","footer-sml-layout":"","theme-transparent-header-meta":"","adv-header-id-meta":"","stick-header-meta":"","header-above-stick-meta":"","header-main-stick-meta":"","header-below-stick-meta":"","astra-migrate-meta-layouts":"default","ast-page-background-enabled":"default","ast-page-background-meta":{"desktop":{"background-color":"var(--ast-global-color-4)","background-image":"","background-repeat":"repeat","background-position":"center center","background-size":"auto","background-attachment":"scroll","background-type":"","background-media":"","overlay-type":"","overlay-color":"","overlay-opacity":"","overlay-gradient":""},"tablet":{"background-color":"","background-image":"","background-repeat":"repeat","background-position":"center center","background-size":"auto","background-attachment":"scroll","background-type":"","background-media":"","overlay-type":"","overlay-color":"","overlay-opacity":"","overlay-gradient":""},"mobile":{"background-color":"","background-image":"","background-repeat":"repeat","background-position":"center center","background-size":"auto","background-attachment":"scroll","background-type":"","background-media":"","overlay-type":"","overlay-color":"","overlay-opacity":"","overlay-gradient":""}},"ast-content-background-meta":{"desktop":{"background-color":"var(--ast-global-color-5)","background-image":"","background-repeat":"repeat","background-position":"center center","background-size":"auto","background-attachment":"scroll","background-type":"","background-media":"","overlay-type":"","overlay-color":"","overlay-opacity":"","overlay-gradient":""},"tablet":{"background-color":"var(--ast-global-color-5)","background-image":"","background-repeat":"repeat","background-position":"center center","background-size":"auto","background-attachment":"scroll","background-type":"","background-media":"","overlay-type":"","overlay-color":"","overlay-opacity":"","overlay-gradient":""},"mobile":{"background-color":"var(--ast-global-color-5)","background-image":"","background-repeat":"repeat","background-position":"center center","background-size":"auto","background-attachment":"scroll","background-type":"","background-media":"","overlay-type":"","overlay-color":"","overlay-opacity":"","overlay-gradient":""}},"footnotes":""},"class_list":["post-197","page","type-page","status-publish","hentry"],"_links":{"self":[{"href":"https:\/\/outilsmaths.fr\/index.php\/wp-json\/wp\/v2\/pages\/197","targetHints":{"allow":["GET"]}}],"collection":[{"href":"https:\/\/outilsmaths.fr\/index.php\/wp-json\/wp\/v2\/pages"}],"about":[{"href":"https:\/\/outilsmaths.fr\/index.php\/wp-json\/wp\/v2\/types\/page"}],"author":[{"embeddable":true,"href":"https:\/\/outilsmaths.fr\/index.php\/wp-json\/wp\/v2\/users\/1"}],"replies":[{"embeddable":true,"href":"https:\/\/outilsmaths.fr\/index.php\/wp-json\/wp\/v2\/comments?post=197"}],"version-history":[{"count":5,"href":"https:\/\/outilsmaths.fr\/index.php\/wp-json\/wp\/v2\/pages\/197\/revisions"}],"predecessor-version":[{"id":223,"href":"https:\/\/outilsmaths.fr\/index.php\/wp-json\/wp\/v2\/pages\/197\/revisions\/223"}],"up":[{"embeddable":true,"href":"https:\/\/outilsmaths.fr\/index.php\/wp-json\/wp\/v2\/pages\/8"}],"wp:attachment":[{"href":"https:\/\/outilsmaths.fr\/index.php\/wp-json\/wp\/v2\/media?parent=197"}],"curies":[{"name":"wp","href":"https:\/\/api.w.org\/{rel}","templated":true}]}}